{"id":315,"date":"2022-02-09T02:49:10","date_gmt":"2022-02-09T02:49:10","guid":{"rendered":"https:\/\/gmartek.com\/digiforce\/?page_id=315"},"modified":"2022-02-11T16:44:01","modified_gmt":"2022-02-11T16:44:01","slug":"webinar-1","status":"publish","type":"page","link":"https:\/\/gmartek.com\/digiforce\/webinar-1\/","title":{"rendered":"Webinar 1"},"content":{"rendered":"\t\t<div data-elementor-type=\"wp-page\" data-elementor-id=\"315\" class=\"elementor elementor-315\" data-elementor-post-type=\"page\">\n\t\t\t\t\t\t<section class=\"elementor-section elementor-top-section elementor-element elementor-element-f4f29cb elementor-section-boxed elementor-section-height-default elementor-section-height-default\" data-id=\"f4f29cb\" data-element_type=\"section\" data-e-type=\"section\">\n\t\t\t\t\t\t<div class=\"elementor-container elementor-column-gap-default\">\n\t\t\t\t\t<div class=\"elementor-column elementor-col-100 elementor-top-column elementor-element elementor-element-8613ab7\" data-id=\"8613ab7\" data-element_type=\"column\" data-e-type=\"column\">\n\t\t\t<div class=\"elementor-widget-wrap elementor-element-populated\">\n\t\t\t\t\t\t<div class=\"elementor-element elementor-element-98f1d5e elementor-widget elementor-widget-spacer\" data-id=\"98f1d5e\" data-element_type=\"widget\" data-e-type=\"widget\" data-widget_type=\"spacer.default\">\n\t\t\t\t<div class=\"elementor-widget-container\">\n\t\t\t\t\t\t\t<div class=\"elementor-spacer\">\n\t\t\t<div class=\"elementor-spacer-inner\"><\/div>\n\t\t<\/div>\n\t\t\t\t\t\t<\/div>\n\t\t\t\t<\/div>\n\t\t\t\t\t<\/div>\n\t\t<\/div>\n\t\t\t\t\t<\/div>\n\t\t<\/section>\n\t\t\t\t<section class=\"elementor-section elementor-top-section elementor-element elementor-element-9763176 elementor-section-boxed elementor-section-height-default elementor-section-height-default\" data-id=\"9763176\" data-element_type=\"section\" data-e-type=\"section\">\n\t\t\t\t\t\t<div class=\"elementor-container elementor-column-gap-default\">\n\t\t\t\t\t<div class=\"elementor-column elementor-col-100 elementor-top-column elementor-element elementor-element-1ef0237\" data-id=\"1ef0237\" data-element_type=\"column\" data-e-type=\"column\">\n\t\t\t<div class=\"elementor-widget-wrap elementor-element-populated\">\n\t\t\t\t\t\t<div class=\"elementor-element elementor-element-de73ef2 elementor-widget elementor-widget-heading\" data-id=\"de73ef2\" data-element_type=\"widget\" data-e-type=\"widget\" data-widget_type=\"heading.default\">\n\t\t\t\t<div class=\"elementor-widget-container\">\n\t\t\t\t\t<h2 class=\"elementor-heading-title elementor-size-default\">Paths to digital careers<\/h2>\t\t\t\t<\/div>\n\t\t\t\t<\/div>\n\t\t\t\t\t<\/div>\n\t\t<\/div>\n\t\t\t\t\t<\/div>\n\t\t<\/section>\n\t\t\t\t<section class=\"elementor-section elementor-top-section elementor-element elementor-element-30e66f7 elementor-section-boxed elementor-section-height-default elementor-section-height-default\" data-id=\"30e66f7\" data-element_type=\"section\" data-e-type=\"section\">\n\t\t\t\t\t\t<div class=\"elementor-container elementor-column-gap-default\">\n\t\t\t\t\t<div class=\"elementor-column elementor-col-100 elementor-top-column elementor-element elementor-element-3bd7292\" data-id=\"3bd7292\" data-element_type=\"column\" data-e-type=\"column\">\n\t\t\t<div class=\"elementor-widget-wrap elementor-element-populated\">\n\t\t\t\t\t\t<div class=\"elementor-element elementor-element-1f43509 elementor-widget elementor-widget-spacer\" data-id=\"1f43509\" data-element_type=\"widget\" data-e-type=\"widget\" data-widget_type=\"spacer.default\">\n\t\t\t\t<div class=\"elementor-widget-container\">\n\t\t\t\t\t\t\t<div class=\"elementor-spacer\">\n\t\t\t<div class=\"elementor-spacer-inner\"><\/div>\n\t\t<\/div>\n\t\t\t\t\t\t<\/div>\n\t\t\t\t<\/div>\n\t\t\t\t\t<\/div>\n\t\t<\/div>\n\t\t\t\t\t<\/div>\n\t\t<\/section>\n\t\t\t\t<section class=\"elementor-section elementor-top-section elementor-element elementor-element-42a54f1 elementor-section-boxed elementor-section-height-default elementor-section-height-default\" data-id=\"42a54f1\" data-element_type=\"section\" data-e-type=\"section\">\n\t\t\t\t\t\t<div class=\"elementor-container elementor-column-gap-default\">\n\t\t\t\t\t<div class=\"elementor-column elementor-col-50 elementor-top-column elementor-element elementor-element-ee52cab\" data-id=\"ee52cab\" data-element_type=\"column\" data-e-type=\"column\">\n\t\t\t<div class=\"elementor-widget-wrap elementor-element-populated\">\n\t\t\t\t\t\t<div class=\"elementor-element elementor-element-7967ee3 elementor-widget elementor-widget-text-editor\" data-id=\"7967ee3\" data-element_type=\"widget\" data-e-type=\"widget\" data-widget_type=\"text-editor.default\">\n\t\t\t\t<div class=\"elementor-widget-container\">\n\t\t\t\t\t\t\t\t\t<p>N\u1ec1n kinh t\u1ebf th\u1ebf gi\u1edbi \u0111ang chuy\u1ec3n \u0111\u1ed5i s\u1ed1 r\u1ea5t nhanh, nhanh h\u01a1n r\u1ea5t nhi\u1ec1u so v\u1edbi t\u1ed1c \u0111\u1ed9 thay \u0111\u1ed5i c\u1ee7a l\u1ef1c l\u01b0\u1ee3ng lao \u0111\u1ed9ng, d\u1eabn \u0111\u1ebfn s\u1ef1 thi\u1ebfu h\u1ee5t r\u1ea5t l\u1edbn v\u1ec1 nh\u00e2n s\u1ef1 trong nh\u1eefng ng\u00e0nh digital. Khi nhu c\u1ea7u cao v\u00e0 ngu\u1ed3n cung thi\u1ebfu, nh\u00e2n l\u1ef1c trong nh\u1eefng ng\u00e0nh n\u00e0y c\u00f3 gi\u00e1 tr\u1ecb r\u1ea5t cao. B\u1ea1n mu\u1ed1n tham gia v\u00e0o l\u1ef1c l\u01b0\u1ee3ng nh\u00e2n s\u1ef1 n\u00e0y? H\u00e3y \u0111\u0103ng k\u00fd tham d\u1ef1 theo form b\u00ean d\u01b0\u1edbi!<\/p><p><span style=\"color: #0000ff;\"><a style=\"color: #0000ff; text-decoration: underline;\" href=\"https:\/\/gmartek.com\" target=\"_blank\" rel=\"noopener\">Gmartek<\/a><\/span> s\u1ebd c\u1ea5p 3 h\u1ecdc b\u1ed5ng Integrated Digital Marketing v\u1edbi t\u1ed5ng tr\u1ecb gi\u00e1 $2600 trong c\u00e1c ho\u1ea1t \u0111\u1ed9ng li\u00ean quan \u0111\u1ebfn webinar n\u00e0y!<\/p>\t\t\t\t\t\t\t\t<\/div>\n\t\t\t\t<\/div>\n\t\t\t\t\t<\/div>\n\t\t<\/div>\n\t\t\t\t<div class=\"elementor-column elementor-col-50 elementor-top-column elementor-element elementor-element-e8bdfa8\" data-id=\"e8bdfa8\" data-element_type=\"column\" data-e-type=\"column\">\n\t\t\t<div class=\"elementor-widget-wrap elementor-element-populated\">\n\t\t\t\t\t\t<div class=\"elementor-element elementor-element-b864f54 elementor-widget elementor-widget-image\" data-id=\"b864f54\" data-element_type=\"widget\" data-e-type=\"widget\" data-widget_type=\"image.default\">\n\t\t\t\t<div class=\"elementor-widget-container\">\n\t\t\t\t\t\t\t\t\t\t\t\t\t\t\t<img fetchpriority=\"high\" decoding=\"async\" width=\"750\" height=\"563\" src=\"https:\/\/i0.wp.com\/gmartek.com\/digiforce\/wp-content\/uploads\/2022\/02\/AW-Webinar-291.png?fit=750%2C563&amp;ssl=1\" class=\"attachment-large size-large wp-image-330\" alt=\"digiforce\" srcset=\"https:\/\/i0.wp.com\/gmartek.com\/digiforce\/wp-content\/uploads\/2022\/02\/AW-Webinar-291.png?w=1200&amp;ssl=1 1200w, https:\/\/i0.wp.com\/gmartek.com\/digiforce\/wp-content\/uploads\/2022\/02\/AW-Webinar-291.png?resize=300%2C225&amp;ssl=1 300w, https:\/\/i0.wp.com\/gmartek.com\/digiforce\/wp-content\/uploads\/2022\/02\/AW-Webinar-291.png?resize=1024%2C768&amp;ssl=1 1024w, https:\/\/i0.wp.com\/gmartek.com\/digiforce\/wp-content\/uploads\/2022\/02\/AW-Webinar-291.png?resize=768%2C576&amp;ssl=1 768w\" sizes=\"(max-width: 750px) 100vw, 750px\" style=\"width:100%;height:75%;max-width:1200px\" \/>\t\t\t\t\t\t\t\t\t\t\t\t\t\t\t<\/div>\n\t\t\t\t<\/div>\n\t\t\t\t\t<\/div>\n\t\t<\/div>\n\t\t\t\t\t<\/div>\n\t\t<\/section>\n\t\t\t\t<section class=\"elementor-section elementor-top-section elementor-element elementor-element-28e8374 elementor-section-boxed elementor-section-height-default elementor-section-height-default\" data-id=\"28e8374\" data-element_type=\"section\" data-e-type=\"section\">\n\t\t\t\t\t\t<div class=\"elementor-container elementor-column-gap-default\">\n\t\t\t\t\t<div class=\"elementor-column elementor-col-100 elementor-top-column elementor-element elementor-element-bbfedc5\" data-id=\"bbfedc5\" data-element_type=\"column\" data-e-type=\"column\">\n\t\t\t<div class=\"elementor-widget-wrap elementor-element-populated\">\n\t\t\t\t\t\t<div class=\"elementor-element elementor-element-b9b3711 elementor-widget elementor-widget-html\" data-id=\"b9b3711\" data-element_type=\"widget\" data-e-type=\"widget\" data-widget_type=\"html.default\">\n\t\t\t\t<div class=\"elementor-widget-container\">\n\t\t\t\t\t<iframe src=\"https:\/\/sfsu.zoom.us\/webinar\/register\/WN_beJVmU2XR9KspRy0Vx-cKg\" width=\"1000px\" height=\"900px\"><\/iframe>\n\t\t\t\t<\/div>\n\t\t\t\t<\/div>\n\t\t\t\t\t<\/div>\n\t\t<\/div>\n\t\t\t\t\t<\/div>\n\t\t<\/section>\n\t\t\t\t<\/div>\n\t\t","protected":false},"excerpt":{"rendered":"<p>Paths to digital careers N\u1ec1n kinh t\u1ebf th\u1ebf gi\u1edbi \u0111ang chuy\u1ec3n \u0111\u1ed5i s\u1ed1 r\u1ea5t nhanh, nhanh h\u01a1n r\u1ea5t nhi\u1ec1u so v\u1edbi t\u1ed1c \u0111\u1ed9 thay \u0111\u1ed5i c\u1ee7a l\u1ef1c l\u01b0\u1ee3ng lao \u0111\u1ed9ng, d\u1eabn \u0111\u1ebfn s\u1ef1 thi\u1ebfu h\u1ee5t r\u1ea5t l\u1edbn v\u1ec1 nh\u00e2n s\u1ef1 trong nh\u1eefng ng\u00e0nh digital. Khi nhu c\u1ea7u cao v\u00e0 ngu\u1ed3n cung thi\u1ebfu, nh\u00e2n l\u1ef1c trong&hellip; <a class=\"more-link\" href=\"https:\/\/gmartek.com\/digiforce\/webinar-1\/\">Continue reading <span class=\"screen-reader-text\">Webinar 1<\/span><\/a><\/p>\n","protected":false},"author":4,"featured_media":0,"parent":0,"menu_order":0,"comment_status":"closed","ping_status":"closed","template":"elementor_header_footer","meta":{"nf_dc_page":"","footnotes":""},"class_list":["post-315","page","type-page","status-publish","hentry","entry"],"yoast_head":"<!-- This site is optimized with the Yoast SEO plugin v27.4 - https:\/\/yoast.com\/product\/yoast-seo-wordpress\/ -->\n<title>Webinar 1 - digiforce<\/title>\n<meta name=\"robots\" content=\"index, follow, max-snippet:-1, max-image-preview:large, max-video-preview:-1\" \/>\n<link rel=\"canonical\" href=\"https:\/\/gmartek.com\/digiforce\/webinar-1\/\" \/>\n<meta property=\"og:locale\" content=\"en_US\" \/>\n<meta property=\"og:type\" content=\"article\" \/>\n<meta property=\"og:title\" content=\"Webinar 1 - digiforce\" \/>\n<meta property=\"og:description\" content=\"Paths to digital careers N\u1ec1n kinh t\u1ebf th\u1ebf gi\u1edbi \u0111ang chuy\u1ec3n \u0111\u1ed5i s\u1ed1 r\u1ea5t nhanh, nhanh h\u01a1n r\u1ea5t nhi\u1ec1u so v\u1edbi t\u1ed1c \u0111\u1ed9 thay \u0111\u1ed5i c\u1ee7a l\u1ef1c l\u01b0\u1ee3ng lao \u0111\u1ed9ng, d\u1eabn \u0111\u1ebfn s\u1ef1 thi\u1ebfu h\u1ee5t r\u1ea5t l\u1edbn v\u1ec1 nh\u00e2n s\u1ef1 trong nh\u1eefng ng\u00e0nh digital. Khi nhu c\u1ea7u cao v\u00e0 ngu\u1ed3n cung thi\u1ebfu, nh\u00e2n l\u1ef1c trong&hellip; Continue reading Webinar 1\" \/>\n<meta property=\"og:url\" content=\"https:\/\/gmartek.com\/digiforce\/webinar-1\/\" \/>\n<meta property=\"og:site_name\" content=\"digiforce\" \/>\n<meta property=\"article:modified_time\" content=\"2022-02-11T16:44:01+00:00\" \/>\n<meta property=\"og:image\" content=\"https:\/\/gmartek.com\/digiforce\/wp-content\/uploads\/2022\/02\/AW-Webinar-291-1024x768.png\" \/>\n<meta name=\"twitter:card\" content=\"summary_large_image\" \/>\n<meta name=\"twitter:label1\" content=\"Est. reading time\" \/>\n\t<meta name=\"twitter:data1\" content=\"1 minute\" \/>\n<script type=\"application\/ld+json\" class=\"yoast-schema-graph\">{\"@context\":\"https:\\\/\\\/schema.org\",\"@graph\":[{\"@type\":\"WebPage\",\"@id\":\"https:\\\/\\\/gmartek.com\\\/digiforce\\\/webinar-1\\\/\",\"url\":\"https:\\\/\\\/gmartek.com\\\/digiforce\\\/webinar-1\\\/\",\"name\":\"Webinar 1 - digiforce\",\"isPartOf\":{\"@id\":\"https:\\\/\\\/gmartek.com\\\/digiforce\\\/#website\"},\"primaryImageOfPage\":{\"@id\":\"https:\\\/\\\/gmartek.com\\\/digiforce\\\/webinar-1\\\/#primaryimage\"},\"image\":{\"@id\":\"https:\\\/\\\/gmartek.com\\\/digiforce\\\/webinar-1\\\/#primaryimage\"},\"thumbnailUrl\":\"https:\\\/\\\/gmartek.com\\\/digiforce\\\/wp-content\\\/uploads\\\/2022\\\/02\\\/AW-Webinar-291-1024x768.png\",\"datePublished\":\"2022-02-09T02:49:10+00:00\",\"dateModified\":\"2022-02-11T16:44:01+00:00\",\"breadcrumb\":{\"@id\":\"https:\\\/\\\/gmartek.com\\\/digiforce\\\/webinar-1\\\/#breadcrumb\"},\"inLanguage\":\"en-US\",\"potentialAction\":[{\"@type\":\"ReadAction\",\"target\":[\"https:\\\/\\\/gmartek.com\\\/digiforce\\\/webinar-1\\\/\"]}]},{\"@type\":\"ImageObject\",\"inLanguage\":\"en-US\",\"@id\":\"https:\\\/\\\/gmartek.com\\\/digiforce\\\/webinar-1\\\/#primaryimage\",\"url\":\"https:\\\/\\\/i0.wp.com\\\/gmartek.com\\\/digiforce\\\/wp-content\\\/uploads\\\/2022\\\/02\\\/AW-Webinar-291.png?fit=1200%2C900&ssl=1\",\"contentUrl\":\"https:\\\/\\\/i0.wp.com\\\/gmartek.com\\\/digiforce\\\/wp-content\\\/uploads\\\/2022\\\/02\\\/AW-Webinar-291.png?fit=1200%2C900&ssl=1\",\"width\":1200,\"height\":900,\"caption\":\"digiforce\"},{\"@type\":\"BreadcrumbList\",\"@id\":\"https:\\\/\\\/gmartek.com\\\/digiforce\\\/webinar-1\\\/#breadcrumb\",\"itemListElement\":[{\"@type\":\"ListItem\",\"position\":1,\"name\":\"Home\",\"item\":\"https:\\\/\\\/gmartek.com\\\/digiforce\\\/\"},{\"@type\":\"ListItem\",\"position\":2,\"name\":\"Webinar 1\"}]},{\"@type\":\"WebSite\",\"@id\":\"https:\\\/\\\/gmartek.com\\\/digiforce\\\/#website\",\"url\":\"https:\\\/\\\/gmartek.com\\\/digiforce\\\/\",\"name\":\"digiforce\",\"description\":\"\",\"publisher\":{\"@id\":\"https:\\\/\\\/gmartek.com\\\/digiforce\\\/#organization\"},\"potentialAction\":[{\"@type\":\"SearchAction\",\"target\":{\"@type\":\"EntryPoint\",\"urlTemplate\":\"https:\\\/\\\/gmartek.com\\\/digiforce\\\/?s={search_term_string}\"},\"query-input\":{\"@type\":\"PropertyValueSpecification\",\"valueRequired\":true,\"valueName\":\"search_term_string\"}}],\"inLanguage\":\"en-US\"},{\"@type\":\"Organization\",\"@id\":\"https:\\\/\\\/gmartek.com\\\/digiforce\\\/#organization\",\"name\":\"digiforce\",\"url\":\"https:\\\/\\\/gmartek.com\\\/digiforce\\\/\",\"logo\":{\"@type\":\"ImageObject\",\"inLanguage\":\"en-US\",\"@id\":\"https:\\\/\\\/gmartek.com\\\/digiforce\\\/#\\\/schema\\\/logo\\\/image\\\/\",\"url\":\"https:\\\/\\\/i0.wp.com\\\/gmartek.com\\\/digiforce\\\/wp-content\\\/uploads\\\/2022\\\/02\\\/digiforceLogo.png?fit=1060%2C300&ssl=1\",\"contentUrl\":\"https:\\\/\\\/i0.wp.com\\\/gmartek.com\\\/digiforce\\\/wp-content\\\/uploads\\\/2022\\\/02\\\/digiforceLogo.png?fit=1060%2C300&ssl=1\",\"width\":1060,\"height\":300,\"caption\":\"digiforce\"},\"image\":{\"@id\":\"https:\\\/\\\/gmartek.com\\\/digiforce\\\/#\\\/schema\\\/logo\\\/image\\\/\"}}]}<\/script>\n<!-- \/ Yoast SEO plugin. -->","yoast_head_json":{"title":"Webinar 1 - digiforce","robots":{"index":"index","follow":"follow","max-snippet":"max-snippet:-1","max-image-preview":"max-image-preview:large","max-video-preview":"max-video-preview:-1"},"canonical":"https:\/\/gmartek.com\/digiforce\/webinar-1\/","og_locale":"en_US","og_type":"article","og_title":"Webinar 1 - digiforce","og_description":"Paths to digital careers N\u1ec1n kinh t\u1ebf th\u1ebf gi\u1edbi \u0111ang chuy\u1ec3n \u0111\u1ed5i s\u1ed1 r\u1ea5t nhanh, nhanh h\u01a1n r\u1ea5t nhi\u1ec1u so v\u1edbi t\u1ed1c \u0111\u1ed9 thay \u0111\u1ed5i c\u1ee7a l\u1ef1c l\u01b0\u1ee3ng lao \u0111\u1ed9ng, d\u1eabn \u0111\u1ebfn s\u1ef1 thi\u1ebfu h\u1ee5t r\u1ea5t l\u1edbn v\u1ec1 nh\u00e2n s\u1ef1 trong nh\u1eefng ng\u00e0nh digital. Khi nhu c\u1ea7u cao v\u00e0 ngu\u1ed3n cung thi\u1ebfu, nh\u00e2n l\u1ef1c trong&hellip; Continue reading Webinar 1","og_url":"https:\/\/gmartek.com\/digiforce\/webinar-1\/","og_site_name":"digiforce","article_modified_time":"2022-02-11T16:44:01+00:00","og_image":[{"url":"https:\/\/gmartek.com\/digiforce\/wp-content\/uploads\/2022\/02\/AW-Webinar-291-1024x768.png","type":"","width":"","height":""}],"twitter_card":"summary_large_image","twitter_misc":{"Est. reading time":"1 minute"},"schema":{"@context":"https:\/\/schema.org","@graph":[{"@type":"WebPage","@id":"https:\/\/gmartek.com\/digiforce\/webinar-1\/","url":"https:\/\/gmartek.com\/digiforce\/webinar-1\/","name":"Webinar 1 - digiforce","isPartOf":{"@id":"https:\/\/gmartek.com\/digiforce\/#website"},"primaryImageOfPage":{"@id":"https:\/\/gmartek.com\/digiforce\/webinar-1\/#primaryimage"},"image":{"@id":"https:\/\/gmartek.com\/digiforce\/webinar-1\/#primaryimage"},"thumbnailUrl":"https:\/\/gmartek.com\/digiforce\/wp-content\/uploads\/2022\/02\/AW-Webinar-291-1024x768.png","datePublished":"2022-02-09T02:49:10+00:00","dateModified":"2022-02-11T16:44:01+00:00","breadcrumb":{"@id":"https:\/\/gmartek.com\/digiforce\/webinar-1\/#breadcrumb"},"inLanguage":"en-US","potentialAction":[{"@type":"ReadAction","target":["https:\/\/gmartek.com\/digiforce\/webinar-1\/"]}]},{"@type":"ImageObject","inLanguage":"en-US","@id":"https:\/\/gmartek.com\/digiforce\/webinar-1\/#primaryimage","url":"https:\/\/i0.wp.com\/gmartek.com\/digiforce\/wp-content\/uploads\/2022\/02\/AW-Webinar-291.png?fit=1200%2C900&ssl=1","contentUrl":"https:\/\/i0.wp.com\/gmartek.com\/digiforce\/wp-content\/uploads\/2022\/02\/AW-Webinar-291.png?fit=1200%2C900&ssl=1","width":1200,"height":900,"caption":"digiforce"},{"@type":"BreadcrumbList","@id":"https:\/\/gmartek.com\/digiforce\/webinar-1\/#breadcrumb","itemListElement":[{"@type":"ListItem","position":1,"name":"Home","item":"https:\/\/gmartek.com\/digiforce\/"},{"@type":"ListItem","position":2,"name":"Webinar 1"}]},{"@type":"WebSite","@id":"https:\/\/gmartek.com\/digiforce\/#website","url":"https:\/\/gmartek.com\/digiforce\/","name":"digiforce","description":"","publisher":{"@id":"https:\/\/gmartek.com\/digiforce\/#organization"},"potentialAction":[{"@type":"SearchAction","target":{"@type":"EntryPoint","urlTemplate":"https:\/\/gmartek.com\/digiforce\/?s={search_term_string}"},"query-input":{"@type":"PropertyValueSpecification","valueRequired":true,"valueName":"search_term_string"}}],"inLanguage":"en-US"},{"@type":"Organization","@id":"https:\/\/gmartek.com\/digiforce\/#organization","name":"digiforce","url":"https:\/\/gmartek.com\/digiforce\/","logo":{"@type":"ImageObject","inLanguage":"en-US","@id":"https:\/\/gmartek.com\/digiforce\/#\/schema\/logo\/image\/","url":"https:\/\/i0.wp.com\/gmartek.com\/digiforce\/wp-content\/uploads\/2022\/02\/digiforceLogo.png?fit=1060%2C300&ssl=1","contentUrl":"https:\/\/i0.wp.com\/gmartek.com\/digiforce\/wp-content\/uploads\/2022\/02\/digiforceLogo.png?fit=1060%2C300&ssl=1","width":1060,"height":300,"caption":"digiforce"},"image":{"@id":"https:\/\/gmartek.com\/digiforce\/#\/schema\/logo\/image\/"}}]}},"jetpack_sharing_enabled":true,"_links":{"self":[{"href":"https:\/\/gmartek.com\/digiforce\/wp-json\/wp\/v2\/pages\/315","targetHints":{"allow":["GET"]}}],"collection":[{"href":"https:\/\/gmartek.com\/digiforce\/wp-json\/wp\/v2\/pages"}],"about":[{"href":"https:\/\/gmartek.com\/digiforce\/wp-json\/wp\/v2\/types\/page"}],"author":[{"embeddable":true,"href":"https:\/\/gmartek.com\/digiforce\/wp-json\/wp\/v2\/users\/4"}],"replies":[{"embeddable":true,"href":"https:\/\/gmartek.com\/digiforce\/wp-json\/wp\/v2\/comments?post=315"}],"version-history":[{"count":5,"href":"https:\/\/gmartek.com\/digiforce\/wp-json\/wp\/v2\/pages\/315\/revisions"}],"predecessor-version":[{"id":432,"href":"https:\/\/gmartek.com\/digiforce\/wp-json\/wp\/v2\/pages\/315\/revisions\/432"}],"wp:attachment":[{"href":"https:\/\/gmartek.com\/digiforce\/wp-json\/wp\/v2\/media?parent=315"}],"curies":[{"name":"wp","href":"https:\/\/api.w.org\/{rel}","templated":true}]}}